{"id":8037,"date":"2024-12-31T20:15:51","date_gmt":"2024-12-31T20:15:51","guid":{"rendered":"https:\/\/storetest.ivi.ee\/product\/sprinkles-happy-santa-mix-45g\/"},"modified":"2025-12-07T21:44:45","modified_gmt":"2025-12-07T19:44:45","slug":"smidzinataju-laimigo-ziemassvetku-vecisa-maisijums-45g","status":"publish","type":"product","link":"https:\/\/candeebaar.ee\/lv\/veikals\/smidzinataju-laimigo-ziemassvetku-vecisa-maisijums-45g\/","title":{"rendered":"Smidzin\u0101t\u0101ji \u201cHappy Santa Mix\u201d 45g"},"content":{"rendered":"<p>Smidzin\u0101t\u0101ji desertu dekor\u0113\u0161anai. Bumbi\u0146\u0101m ir m\u012bksta \u0161okol\u0101des pamatne.<br \/>\nSvars: 45g<br \/>\nSast\u0101vs: cukurs, ciete (<strong>kvie\u0161i<\/strong>, kukur\u016bza, r\u012bsi), milti <strong>kvie\u0161i<\/strong>, kvie\u0161i <strong>lipeklis<\/strong>, augu e\u013c\u013ca (rap\u0161u, kokosriekstu), glikozes s\u012brups, v\u012bnogu sula, maltodekstr\u012bns, apgrieztais cukurs, maltodekstr\u012bns, sausais <strong>pienu<\/strong>, kakao sviests, kakao masa, kr\u0101svielas (E100, E102, E110, E129, E132, E133, E160a, E162, E174) Kr\u0101svielas (\u0101bolu sulas koncentr\u0101ts, upenes, burk\u0101nu red\u012bsi, citrons, E160c) dab\u012bgs vani\u013cas aromatiz\u0113t\u0101js, E9, E0901 , E904, biezin\u0101t\u0101js E406, E414, emulgators (<strong>sojas<\/strong>) E473, liellopu ga\u013cas \u017eelat\u012bns, E470b, E553b, s\u0101ls.<br \/>\nSast\u0101vs uz 100 g:<br \/>\nUzturv\u0113rt\u012bba: 1741kJ\/412kcal<br \/>\nTauki (pies\u0101tin\u0101tie): 4,5\u00a0g (2,5\u00a0g)<br \/>\nOg\u013chidr\u0101ti (cukuri): 90,9 g (77,5 g)<br \/>\nOlbaltumvielas: 1,2g<br \/>\nS\u0101ls: 0,1 g<\/p>\n<p>Nav piem\u0113rots b\u0113rniem l\u012bdz 3 gadu vecumam.<br \/>\nRa\u017eot\u0101js: V\u0101cija<br \/>\nDer\u012bguma termi\u0146\u0161: 2026.\u00a0gada janv\u0101ris<\/p>","protected":false},"excerpt":{"rendered":"<p>Smidzin\u0101t\u0101ji desertu dekor\u0113\u0161anai. Bumbi\u0146\u0101m ir m\u012bksta \u0161okol\u0101des pamatne. Svars: 45g Sast\u0101vs: cukurs, ciete (kvie\u0161i, kukur\u016bza, r\u012bsi), kvie\u0161u milti, kvie\u0161u lipeklis, augu e\u013c\u013ca (rap\u0161u, kokosriekstu), glikozes s\u012brups, v\u012bnogu sula, maltodekstr\u012bns, apgrieztais cukurs, maltodekstr\u012bns, sausais piens, kakao sviests, kakao masa, kr\u0101svielas (E100, E102, E110, E129, E132, E133, E160a, E162, E174) Kr\u0101svielas (\u0101bolu koncentr\u0101ts [\u2026]<\/p>","protected":false},"featured_media":7987,"template":"","meta":{"_seopress_robots_primary_cat":"none","_seopress_titles_title":"","_seopress_titles_desc":"","_seopress_robots_index":""},"product_brand":[],"product_cat":[182,181,15,104],"product_tag":[],"class_list":{"0":"post-8037","1":"product","2":"type-product","3":"status-publish","4":"has-post-thumbnail","6":"product_cat-christmas","7":"product_cat-christmas-new-year","8":"product_cat-all-products","9":"product_cat-sprinkles","11":"first","12":"instock","13":"taxable","14":"shipping-taxable","15":"purchasable","16":"product-type-simple"},"_links":{"self":[{"href":"https:\/\/candeebaar.ee\/lv\/wp-json\/wp\/v2\/product\/8037","targetHints":{"allow":["GET"]}}],"collection":[{"href":"https:\/\/candeebaar.ee\/lv\/wp-json\/wp\/v2\/product"}],"about":[{"href":"https:\/\/candeebaar.ee\/lv\/wp-json\/wp\/v2\/types\/product"}],"version-history":[{"count":1,"href":"https:\/\/candeebaar.ee\/lv\/wp-json\/wp\/v2\/product\/8037\/revisions"}],"predecessor-version":[{"id":8038,"href":"https:\/\/candeebaar.ee\/lv\/wp-json\/wp\/v2\/product\/8037\/revisions\/8038"}],"wp:featuredmedia":[{"embeddable":true,"href":"https:\/\/candeebaar.ee\/lv\/wp-json\/wp\/v2\/media\/7987"}],"wp:attachment":[{"href":"https:\/\/candeebaar.ee\/lv\/wp-json\/wp\/v2\/media?parent=8037"}],"wp:term":[{"taxonomy":"product_brand","embeddable":true,"href":"https:\/\/candeebaar.ee\/lv\/wp-json\/wp\/v2\/product_brand?post=8037"},{"taxonomy":"product_cat","embeddable":true,"href":"https:\/\/candeebaar.ee\/lv\/wp-json\/wp\/v2\/product_cat?post=8037"},{"taxonomy":"product_tag","embeddable":true,"href":"https:\/\/candeebaar.ee\/lv\/wp-json\/wp\/v2\/product_tag?post=8037"}],"curies":[{"name":"wp","href":"https:\/\/api.w.org\/{rel}","templated":true}]}}