{"id":8039,"date":"2024-12-31T20:15:51","date_gmt":"2024-12-31T20:15:51","guid":{"rendered":"https:\/\/storetest.ivi.ee\/product\/topping-first-snow-45g\/"},"modified":"2025-11-11T13:51:48","modified_gmt":"2025-11-11T11:51:48","slug":"pirma-sniega-virskarta-45g","status":"publish","type":"product","link":"https:\/\/candeebaar.ee\/lv\/veikals\/pirma-sniega-virskarta-45g\/","title":{"rendered":"Virsi\u0146\u0161 \u201cPirmais sniegs\u201d 45g"},"content":{"rendered":"<p>Smidzin\u0101t\u0101ji desertu dekor\u0113\u0161anai. Bumbi\u0146\u0101m ir m\u012bksta \u0161okol\u0101des pamatne.<br \/>\nSvars: 45g<br \/>\nSast\u0101vs: cukurs, ciete (<strong>kvie\u0161i<\/strong>, kukur\u016bza, kartupe\u013ci, r\u012bsi), <strong>kvie\u0161i<\/strong> milti, kvie\u0161i <strong>iesals<\/strong>, augu e\u013c\u013ca (rap\u0161u, kokosriekstu), palmu e\u013c\u013ca, glikozes s\u012brups, v\u012bnogu sula, invert\u0113tais cukurs, maltodekstr\u012bns, sausais <strong>pienu<\/strong>, kakao sviests, kakao masa, kr\u0101svielas (E131, E133, E141, E173, E174) Kr\u0101svielas (\u0101bolu sulas koncentr\u0101ts, spirul\u012bna), dab\u012bg\u0101 vani\u013cas aromatiz\u0113t\u0101js, E901, E903, E904, biezin\u0101t\u0101js E406, E414, emulgators (<strong>sojas<\/strong>) E473, liellopu ga\u013cas \u017eelat\u012bns, E553b, s\u0101ls.<br \/>\nSast\u0101vs uz 100 g:<br \/>\nUzturv\u0113rt\u012bba: 1747kJ\/413kcal<br \/>\nTauki (pies\u0101tin\u0101tie): 4,7\u00a0g (2,7\u00a0g)<br \/>\nOg\u013chidr\u0101ti (cukuri): 90,8 g (77,1 g)<br \/>\nOlbaltumvielas: 1,1g<br \/>\nS\u0101ls: 0,1 g<\/p>\n<p>Nav piem\u0113rots b\u0113rniem l\u012bdz 3 gadu vecumam.<br \/>\nRa\u017eot\u0101js: V\u0101cija<br \/>\nDer\u012bguma termi\u0146\u0161: 2027. gada oktobris<\/p>","protected":false},"excerpt":{"rendered":"<p>Smidzin\u0101t\u0101ji desertu dekor\u0113\u0161anai. Bumbi\u0146\u0101m ir m\u012bksta \u0161okol\u0101des pamatne. Svars: 45g Sast\u0101vs: cukurs, ciete (kvie\u0161i, kukur\u016bza, kartupe\u013ci, r\u012bsi), kvie\u0161u milti, kvie\u0161u iesals, augu e\u013c\u013ca (rap\u0161u, kokosriekstu), palmu e\u013c\u013ca, glikozes s\u012brups, v\u012bnogu sula, apgrieztais cukurs, maltodekstr\u012bns, sausais piens, kakao sviests, kakao masa, kr\u0101svielas (E131, E133, E141, E173, E174) Kr\u0101svielas (\u0101bolu sulas koncentr\u0101ts, spirul\u012bna), dab\u012bgas [\u2026]<\/p>","protected":false},"featured_media":7984,"template":"","meta":{"_seopress_robots_primary_cat":"none","_seopress_titles_title":"","_seopress_titles_desc":"","_seopress_robots_index":""},"product_brand":[],"product_cat":[15,104],"product_tag":[],"class_list":{"0":"post-8039","1":"product","2":"type-product","3":"status-publish","4":"has-post-thumbnail","6":"product_cat-all-products","7":"product_cat-sprinkles","9":"first","10":"outofstock","11":"taxable","12":"shipping-taxable","13":"purchasable","14":"product-type-simple"},"_links":{"self":[{"href":"https:\/\/candeebaar.ee\/lv\/wp-json\/wp\/v2\/product\/8039","targetHints":{"allow":["GET"]}}],"collection":[{"href":"https:\/\/candeebaar.ee\/lv\/wp-json\/wp\/v2\/product"}],"about":[{"href":"https:\/\/candeebaar.ee\/lv\/wp-json\/wp\/v2\/types\/product"}],"version-history":[{"count":2,"href":"https:\/\/candeebaar.ee\/lv\/wp-json\/wp\/v2\/product\/8039\/revisions"}],"predecessor-version":[{"id":14184,"href":"https:\/\/candeebaar.ee\/lv\/wp-json\/wp\/v2\/product\/8039\/revisions\/14184"}],"wp:featuredmedia":[{"embeddable":true,"href":"https:\/\/candeebaar.ee\/lv\/wp-json\/wp\/v2\/media\/7984"}],"wp:attachment":[{"href":"https:\/\/candeebaar.ee\/lv\/wp-json\/wp\/v2\/media?parent=8039"}],"wp:term":[{"taxonomy":"product_brand","embeddable":true,"href":"https:\/\/candeebaar.ee\/lv\/wp-json\/wp\/v2\/product_brand?post=8039"},{"taxonomy":"product_cat","embeddable":true,"href":"https:\/\/candeebaar.ee\/lv\/wp-json\/wp\/v2\/product_cat?post=8039"},{"taxonomy":"product_tag","embeddable":true,"href":"https:\/\/candeebaar.ee\/lv\/wp-json\/wp\/v2\/product_tag?post=8039"}],"curies":[{"name":"wp","href":"https:\/\/api.w.org\/{rel}","templated":true}]}}