{"id":8047,"date":"2024-12-31T20:15:55","date_gmt":"2024-12-31T20:15:55","guid":{"rendered":"https:\/\/storetest.ivi.ee\/product\/box-for-desserts-with-window-20010080mm\/"},"modified":"2026-04-02T11:09:04","modified_gmt":"2026-04-02T09:09:04","slug":"kaste-desertiem-ar-logu-20010080mm","status":"publish","type":"product","link":"https:\/\/candeebaar.ee\/lv\/veikals\/kaste-desertiem-ar-logu-20010080mm\/","title":{"rendered":"Kast\u012bte desertiem ar logu 200*100*80mm"},"content":{"rendered":"<p>Kast\u012bte desertiem ar logu, sast\u0101v no div\u0101m da\u013c\u0101m.<br \/>\nMateri\u0101ls: kartons<br \/>\nKr\u0101sa: krafts<br \/>\nIzm\u0113rs: 200*100*80mm<\/p>","protected":false},"excerpt":{"rendered":"<p>Kast\u012bte desertiem ar logu, sast\u0101v no div\u0101m da\u013c\u0101m. Materi\u0101ls: kartons Kr\u0101sa: kraft Izm\u0113rs: 200*100*80mm<\/p>","protected":false},"featured_media":8049,"template":"","meta":{"_seopress_robots_primary_cat":"none","_seopress_titles_title":"","_seopress_titles_desc":"","_seopress_robots_index":""},"product_brand":[],"product_cat":[15,154,106],"product_tag":[],"class_list":{"0":"post-8047","1":"product","2":"type-product","3":"status-publish","4":"has-post-thumbnail","6":"product_cat-all-products","7":"product_cat-different-style","8":"product_cat-new","10":"first","11":"instock","12":"taxable","13":"shipping-taxable","14":"purchasable","15":"product-type-simple"},"_links":{"self":[{"href":"https:\/\/candeebaar.ee\/lv\/wp-json\/wp\/v2\/product\/8047","targetHints":{"allow":["GET"]}}],"collection":[{"href":"https:\/\/candeebaar.ee\/lv\/wp-json\/wp\/v2\/product"}],"about":[{"href":"https:\/\/candeebaar.ee\/lv\/wp-json\/wp\/v2\/types\/product"}],"version-history":[{"count":1,"href":"https:\/\/candeebaar.ee\/lv\/wp-json\/wp\/v2\/product\/8047\/revisions"}],"predecessor-version":[{"id":8048,"href":"https:\/\/candeebaar.ee\/lv\/wp-json\/wp\/v2\/product\/8047\/revisions\/8048"}],"wp:featuredmedia":[{"embeddable":true,"href":"https:\/\/candeebaar.ee\/lv\/wp-json\/wp\/v2\/media\/8049"}],"wp:attachment":[{"href":"https:\/\/candeebaar.ee\/lv\/wp-json\/wp\/v2\/media?parent=8047"}],"wp:term":[{"taxonomy":"product_brand","embeddable":true,"href":"https:\/\/candeebaar.ee\/lv\/wp-json\/wp\/v2\/product_brand?post=8047"},{"taxonomy":"product_cat","embeddable":true,"href":"https:\/\/candeebaar.ee\/lv\/wp-json\/wp\/v2\/product_cat?post=8047"},{"taxonomy":"product_tag","embeddable":true,"href":"https:\/\/candeebaar.ee\/lv\/wp-json\/wp\/v2\/product_tag?post=8047"}],"curies":[{"name":"wp","href":"https:\/\/api.w.org\/{rel}","templated":true}]}}