{"id":8062,"date":"2024-12-31T20:15:55","date_gmt":"2024-12-31T20:15:55","guid":{"rendered":"https:\/\/storetest.ivi.ee\/product\/shelled-pistachios-100g\/"},"modified":"2026-04-08T06:49:55","modified_gmt":"2026-04-08T04:49:55","slug":"lobitas-pistacijas-100g","status":"publish","type":"product","link":"https:\/\/candeebaar.ee\/lv\/veikals\/lobitas-pistacijas-100g\/","title":{"rendered":"Izlob\u012btas pist\u0101cijas 100g"},"content":{"rendered":"<p>Neapstr\u0101d\u0101ti, nes\u0101l\u012bti pist\u0101ciju rieksti.<br \/>\nDabisks vesel\u012bgs produkts, kas piem\u0113rots da\u017e\u0101diem lietojumiem.<br \/>\nSast\u0101vs: pist\u0101ciju rieksts 100%<br \/>\nMasa: 100g<br \/>\nSast\u0101vs uz 100 g:<br \/>\nUzturv\u0113rt\u012bba: 2576kJ\/621kcal<br \/>\nTauki (pies\u0101tin\u0101tie): 48,5\u00a0g (6\u00a0g)<br \/>\nOg\u013chidr\u0101ti (cukuri): 18,9 g (16,4 g)<br \/>\nOlbaltumvielas: 24,2g<br \/>\nS\u0101ls: 0,02g (saturs var nedaudz at\u0161\u0137irties)<br \/>\nIzcelsme: ASV<br \/>\nDer\u012bguma termi\u0146\u0161: 31.08.2026<\/p>","protected":false},"excerpt":{"rendered":"<p>Neapstr\u0101d\u0101ti, nes\u0101l\u012bti pist\u0101ciju rieksti. Dabisks vesel\u012bgs produkts, kas piem\u0113rots da\u017e\u0101diem lietojumiem. Sast\u0101vs: pist\u0101ciju rieksts 100% Masa: 100g Saturs uz 100g: Uzturv\u0113rt\u012bba: 2576kJ\/621kcal Tauki (pies\u0101tin\u0101ti): 48.5g (6g) Og\u013chidr\u0101ti (cukuri): 18.9g (16.4g) Sali.24kon.20g: var nedaudz at\u0161\u0137irties) Izcelsme: ASV Der\u012bguma termi\u0146\u0161: 31.08.2026<\/p>","protected":false},"featured_media":8064,"template":"","meta":{"_seopress_robots_primary_cat":"none","_seopress_titles_title":"","_seopress_titles_desc":"","_seopress_robots_index":""},"product_brand":[],"product_cat":[182,181,15,101],"product_tag":[],"class_list":{"0":"post-8062","1":"product","2":"type-product","3":"status-publish","4":"has-post-thumbnail","6":"product_cat-christmas","7":"product_cat-christmas-new-year","8":"product_cat-all-products","9":"product_cat-nut-products","11":"first","12":"instock","13":"taxable","14":"shipping-taxable","15":"purchasable","16":"product-type-simple"},"_links":{"self":[{"href":"https:\/\/candeebaar.ee\/lv\/wp-json\/wp\/v2\/product\/8062","targetHints":{"allow":["GET"]}}],"collection":[{"href":"https:\/\/candeebaar.ee\/lv\/wp-json\/wp\/v2\/product"}],"about":[{"href":"https:\/\/candeebaar.ee\/lv\/wp-json\/wp\/v2\/types\/product"}],"version-history":[{"count":1,"href":"https:\/\/candeebaar.ee\/lv\/wp-json\/wp\/v2\/product\/8062\/revisions"}],"predecessor-version":[{"id":8063,"href":"https:\/\/candeebaar.ee\/lv\/wp-json\/wp\/v2\/product\/8062\/revisions\/8063"}],"wp:featuredmedia":[{"embeddable":true,"href":"https:\/\/candeebaar.ee\/lv\/wp-json\/wp\/v2\/media\/8064"}],"wp:attachment":[{"href":"https:\/\/candeebaar.ee\/lv\/wp-json\/wp\/v2\/media?parent=8062"}],"wp:term":[{"taxonomy":"product_brand","embeddable":true,"href":"https:\/\/candeebaar.ee\/lv\/wp-json\/wp\/v2\/product_brand?post=8062"},{"taxonomy":"product_cat","embeddable":true,"href":"https:\/\/candeebaar.ee\/lv\/wp-json\/wp\/v2\/product_cat?post=8062"},{"taxonomy":"product_tag","embeddable":true,"href":"https:\/\/candeebaar.ee\/lv\/wp-json\/wp\/v2\/product_tag?post=8062"}],"curies":[{"name":"wp","href":"https:\/\/api.w.org\/{rel}","templated":true}]}}