{"id":9661,"date":"2025-01-08T11:11:17","date_gmt":"2025-01-08T09:11:17","guid":{"rendered":"https:\/\/candeebaar.ee\/?post_type=product&#038;p=9661"},"modified":"2026-03-23T12:12:12","modified_gmt":"2026-03-23T10:12:12","slug":"teflona-aizsargpaklajins-2727cm","status":"publish","type":"product","link":"https:\/\/candeebaar.ee\/lv\/veikals\/teflona-aizsargpaklajins-2727cm\/","title":{"rendered":"Teflona aizsardz\u012bbas pakl\u0101ji\u0146\u0161 27*27cm"},"content":{"rendered":"<p>Viegli t\u012br\u0101ms, tauku un p\u0101rtikas pl\u012bts aizsarg\u0101jo\u0161s pakl\u0101ji\u0146\u0161.<br \/>\nVienk\u0101r\u0161i uzst\u0101diet to zem deg\u013ca, lai j\u016bsu darba zona b\u016btu sak\u0101rtota.<br \/>\nMazg\u0101jams ar \u016bdeni un trauku ziep\u0113m.<br \/>\nMateri\u0101ls: teflons<br \/>\nIzm\u0113rs: 27*27cm<br \/>\nAtv\u0113ruma izm\u0113rs: 9*9cm (regul\u0113jams)<\/p>","protected":false},"excerpt":{"rendered":"<p>Viegli t\u012br\u0101ms, tauku un p\u0101rtikas pl\u012bts aizsarg\u0101jo\u0161s pakl\u0101ji\u0146\u0161. Vienk\u0101r\u0161i uzst\u0101diet to zem deg\u013ca, lai j\u016bsu darba zona b\u016btu sak\u0101rtota. Mazg\u0101jams ar \u016bdeni un trauku ziep\u0113m. Materi\u0101ls: teflons Izm\u0113rs: 27*27cm Atv\u0113ruma izm\u0113rs: 9*9cm (regul\u0113jams)<\/p>","protected":false},"featured_media":9664,"template":"","meta":{"_seopress_robots_primary_cat":"none","_seopress_titles_title":"","_seopress_titles_desc":"","_seopress_robots_index":""},"product_brand":[],"product_cat":[15,84,106],"product_tag":[],"class_list":{"0":"post-9661","1":"product","2":"type-product","3":"status-publish","4":"has-post-thumbnail","6":"product_cat-all-products","7":"product_cat-tools","8":"product_cat-new","10":"first","11":"instock","12":"taxable","13":"shipping-taxable","14":"purchasable","15":"product-type-simple"},"_links":{"self":[{"href":"https:\/\/candeebaar.ee\/lv\/wp-json\/wp\/v2\/product\/9661","targetHints":{"allow":["GET"]}}],"collection":[{"href":"https:\/\/candeebaar.ee\/lv\/wp-json\/wp\/v2\/product"}],"about":[{"href":"https:\/\/candeebaar.ee\/lv\/wp-json\/wp\/v2\/types\/product"}],"version-history":[{"count":1,"href":"https:\/\/candeebaar.ee\/lv\/wp-json\/wp\/v2\/product\/9661\/revisions"}],"predecessor-version":[{"id":9665,"href":"https:\/\/candeebaar.ee\/lv\/wp-json\/wp\/v2\/product\/9661\/revisions\/9665"}],"wp:featuredmedia":[{"embeddable":true,"href":"https:\/\/candeebaar.ee\/lv\/wp-json\/wp\/v2\/media\/9664"}],"wp:attachment":[{"href":"https:\/\/candeebaar.ee\/lv\/wp-json\/wp\/v2\/media?parent=9661"}],"wp:term":[{"taxonomy":"product_brand","embeddable":true,"href":"https:\/\/candeebaar.ee\/lv\/wp-json\/wp\/v2\/product_brand?post=9661"},{"taxonomy":"product_cat","embeddable":true,"href":"https:\/\/candeebaar.ee\/lv\/wp-json\/wp\/v2\/product_cat?post=9661"},{"taxonomy":"product_tag","embeddable":true,"href":"https:\/\/candeebaar.ee\/lv\/wp-json\/wp\/v2\/product_tag?post=9661"}],"curies":[{"name":"wp","href":"https:\/\/api.w.org\/{rel}","templated":true}]}}