{"id":9828,"date":"2025-01-14T15:20:31","date_gmt":"2025-01-14T13:20:31","guid":{"rendered":"https:\/\/candeebaar.ee\/?post_type=product&#038;p=9828"},"modified":"2026-04-04T22:58:51","modified_gmt":"2026-04-04T20:58:51","slug":"iepakosanas-kaklasaites-strapwire-8cm-50gab","status":"publish","type":"product","link":"https:\/\/candeebaar.ee\/lv\/veikals\/iepakosanas-kaklasaites-strapwire-8cm-50gab\/","title":{"rendered":"Iepakojuma saites siksni\u0146a 8cm (50gab)"},"content":{"rendered":"<p>Viegli sasienamas, zelta kr\u0101sas siksnas. Komplekt\u0101 50gab.<br \/>\nGarums: 8cm<\/p>","protected":false},"excerpt":{"rendered":"<p>Viegli sasienamas, zelta kr\u0101sas siksnas. Komplekt\u0101 50gab. Garums: 8cm<\/p>","protected":false},"featured_media":9831,"template":"","meta":{"_seopress_robots_primary_cat":"none","_seopress_titles_title":"","_seopress_titles_desc":"","_seopress_robots_index":""},"product_brand":[],"product_cat":[182,181,178,15,84,93,95,106],"product_tag":[],"class_list":{"0":"post-9828","1":"product","2":"type-product","3":"status-publish","4":"has-post-thumbnail","6":"product_cat-christmas","7":"product_cat-christmas-new-year","8":"product_cat-easter-products","9":"product_cat-all-products","10":"product_cat-tools","11":"product_cat-gift-packaging","12":"product_cat-plastic-and-paper-bags","13":"product_cat-new","15":"first","16":"instock","17":"taxable","18":"shipping-taxable","19":"purchasable","20":"product-type-simple"},"_links":{"self":[{"href":"https:\/\/candeebaar.ee\/lv\/wp-json\/wp\/v2\/product\/9828","targetHints":{"allow":["GET"]}}],"collection":[{"href":"https:\/\/candeebaar.ee\/lv\/wp-json\/wp\/v2\/product"}],"about":[{"href":"https:\/\/candeebaar.ee\/lv\/wp-json\/wp\/v2\/types\/product"}],"version-history":[{"count":1,"href":"https:\/\/candeebaar.ee\/lv\/wp-json\/wp\/v2\/product\/9828\/revisions"}],"predecessor-version":[{"id":9832,"href":"https:\/\/candeebaar.ee\/lv\/wp-json\/wp\/v2\/product\/9828\/revisions\/9832"}],"wp:featuredmedia":[{"embeddable":true,"href":"https:\/\/candeebaar.ee\/lv\/wp-json\/wp\/v2\/media\/9831"}],"wp:attachment":[{"href":"https:\/\/candeebaar.ee\/lv\/wp-json\/wp\/v2\/media?parent=9828"}],"wp:term":[{"taxonomy":"product_brand","embeddable":true,"href":"https:\/\/candeebaar.ee\/lv\/wp-json\/wp\/v2\/product_brand?post=9828"},{"taxonomy":"product_cat","embeddable":true,"href":"https:\/\/candeebaar.ee\/lv\/wp-json\/wp\/v2\/product_cat?post=9828"},{"taxonomy":"product_tag","embeddable":true,"href":"https:\/\/candeebaar.ee\/lv\/wp-json\/wp\/v2\/product_tag?post=9828"}],"curies":[{"name":"wp","href":"https:\/\/api.w.org\/{rel}","templated":true}]}}