{"id":9996,"date":"2024-12-31T16:52:58","date_gmt":"2024-12-31T14:52:58","guid":{"rendered":"https:\/\/candeebaar.ee\/?post_type=product&#038;p=9996"},"modified":"2026-03-03T22:01:47","modified_gmt":"2026-03-03T20:01:47","slug":"spogulbumbinas-xl","status":"publish","type":"product","link":"https:\/\/candeebaar.ee\/lv\/veikals\/spogulbumbinas-xl\/","title":{"rendered":"Virsi\u0146\u0161 \u201cMirror Balls XL\u201d 45g"},"content":{"rendered":"<p>Smidzin\u0101t\u0101ji desertu dekor\u0113\u0161anai. Bumbi\u0146as ir \u013coti lielas \u223c 17 mm diametr\u0101, ar m\u012bkstu r\u012bsu pamatni un \u0161okol\u0101di.<br \/>\nMasa: 45g<br \/>\n<b>Sast\u0101vda\u013cas<\/b> : cukurs, piena \u0161okol\u0101de (30.6%) (cukurs, pilnpiena pulveris, kakao sviests, kakao masa, sojas lecit\u012bns, dab\u012bg\u0101 vani\u013cas gar\u0161a), krauk\u0161\u0137\u012bgais centrs (11%) (r\u012bsu milti, kvie\u0161u milti, cukurs, lipeklis, s\u0101ls), stabilizators: gumiar\u0101biks, kakao sviests, kr\u0101sviela: E17 wax.<br \/>\nSast\u0101vs uz 100 g:<br \/>\nUzturv\u0113rt\u012bba: 1627kJ\/389kcal<br \/>\nTauki (pies\u0101tin\u0101tie): 17,2\u00a0g (10,5\u00a0g)<br \/>\nOg\u013chidr\u0101ti (cukuri): 73,7 g (65,1 g)<br \/>\nOlbaltumvielas: 4,4g<br \/>\nS\u0101ls: 0,1 g<\/p>\n<p>Nav piem\u0113rots b\u0113rniem l\u012bdz 3 gadu vecumam.<br \/>\nRa\u017eot\u0101js: V\u0101cija<br \/>\nDer\u012bguma termi\u0146\u0161: 2027. gada oktobris<\/p>","protected":false},"excerpt":{"rendered":"<p>Smidzin\u0101t\u0101ji desertu dekor\u0113\u0161anai. Bumbi\u0146as ir \u013coti lielas \u223c 17 mm diametr\u0101, ar m\u012bkstu r\u012bsu pamatni un \u0161okol\u0101di. Masa: 45g Sast\u0101vda\u013cas : cukurs, piena \u0161okol\u0101de (30,6%) (cukurs, pilnpiena pulveris, kakao sviests, kakao masa, sojas lecit\u012bns, dab\u012bg\u0101 vani\u013cas gar\u0161a), krauk\u0161\u0137\u012bgais centrs (11%) (r\u012bsu milti, kvie\u0161u milti, cukurs, lipeklis, s\u0101ls), stabilizators: koku arab\u012bns.<\/p>","protected":false},"featured_media":9998,"template":"","meta":{"_seopress_robots_primary_cat":"none","_seopress_titles_title":"","_seopress_titles_desc":"","_seopress_robots_index":""},"product_brand":[],"product_cat":[182,181,180,15,104],"product_tag":[],"class_list":{"0":"post-9996","1":"product","2":"type-product","3":"status-publish","4":"has-post-thumbnail","6":"product_cat-christmas","7":"product_cat-christmas-new-year","8":"product_cat-wedding-products","9":"product_cat-all-products","10":"product_cat-sprinkles","12":"first","13":"instock","14":"taxable","15":"shipping-taxable","16":"purchasable","17":"product-type-simple"},"_links":{"self":[{"href":"https:\/\/candeebaar.ee\/lv\/wp-json\/wp\/v2\/product\/9996","targetHints":{"allow":["GET"]}}],"collection":[{"href":"https:\/\/candeebaar.ee\/lv\/wp-json\/wp\/v2\/product"}],"about":[{"href":"https:\/\/candeebaar.ee\/lv\/wp-json\/wp\/v2\/types\/product"}],"version-history":[{"count":2,"href":"https:\/\/candeebaar.ee\/lv\/wp-json\/wp\/v2\/product\/9996\/revisions"}],"predecessor-version":[{"id":14185,"href":"https:\/\/candeebaar.ee\/lv\/wp-json\/wp\/v2\/product\/9996\/revisions\/14185"}],"wp:featuredmedia":[{"embeddable":true,"href":"https:\/\/candeebaar.ee\/lv\/wp-json\/wp\/v2\/media\/9998"}],"wp:attachment":[{"href":"https:\/\/candeebaar.ee\/lv\/wp-json\/wp\/v2\/media?parent=9996"}],"wp:term":[{"taxonomy":"product_brand","embeddable":true,"href":"https:\/\/candeebaar.ee\/lv\/wp-json\/wp\/v2\/product_brand?post=9996"},{"taxonomy":"product_cat","embeddable":true,"href":"https:\/\/candeebaar.ee\/lv\/wp-json\/wp\/v2\/product_cat?post=9996"},{"taxonomy":"product_tag","embeddable":true,"href":"https:\/\/candeebaar.ee\/lv\/wp-json\/wp\/v2\/product_tag?post=9996"}],"curies":[{"name":"wp","href":"https:\/\/api.w.org\/{rel}","templated":true}]}}